{"id":769,"date":"2023-01-19T08:56:19","date_gmt":"2023-01-19T08:56:19","guid":{"rendered":"https:\/\/www.omchosting.com\/dev\/aeromotioncanada\/?page_id=769"},"modified":"2026-01-06T04:50:07","modified_gmt":"2026-01-06T04:50:07","slug":"a-propos-de","status":"publish","type":"page","link":"https:\/\/aeromotion.ca\/fr\/a-propos-de\/","title":{"rendered":"\u00c0 PROPOS DE"},"content":{"rendered":"\t\t<div data-elementor-type=\"wp-page\" data-elementor-id=\"769\" class=\"elementor elementor-769 elementor-406\">\n\t\t\t\t\t\t<div class=\"elementor-inner\">\n\t\t\t\t<div class=\"elementor-section-wrap\">\n\t\t\t\t\t\t\t\t\t<section class=\"elementor-section elementor-top-section elementor-element elementor-element-64a57f1b elementor-section-height-min-height elementor-section-boxed elementor-section-height-default elementor-section-items-middle\" data-id=\"64a57f1b\" data-element_type=\"section\" data-settings=\"{&quot;background_background&quot;:&quot;classic&quot;}\">\n\t\t\t\t\t\t\t<div class=\"elementor-background-overlay\"><\/div>\n\t\t\t\t\t\t\t<div class=\"elementor-container elementor-column-gap-default\">\n\t\t\t\t\t\t\t<div class=\"elementor-row\">\n\t\t\t\t\t<div class=\"elementor-column elementor-col-50 elementor-top-column elementor-element elementor-element-79f9544e\" data-id=\"79f9544e\" data-element_type=\"column\">\n\t\t\t<div class=\"elementor-column-wrap elementor-element-populated\">\n\t\t\t\t\t\t\t<div class=\"elementor-widget-wrap\">\n\t\t\t\t\t\t<div class=\"elementor-element elementor-element-d6943f0 elementor-widget elementor-widget-spacer\" data-id=\"d6943f0\" data-element_type=\"widget\" data-widget_type=\"spacer.default\">\n\t\t\t\t<div class=\"elementor-widget-container\">\n\t\t\t\t\t<div class=\"elementor-spacer\">\n\t\t\t<div class=\"elementor-spacer-inner\"><\/div>\n\t\t<\/div>\n\t\t\t\t<\/div>\n\t\t\t\t<\/div>\n\t\t\t\t<div class=\"elementor-element elementor-element-64c58960 elementor-widget elementor-widget-heading\" data-id=\"64c58960\" data-element_type=\"widget\" data-widget_type=\"heading.default\">\n\t\t\t\t<div class=\"elementor-widget-container\">\n\t\t\t<h2 class=\"elementor-heading-title elementor-size-default\">\u00c0 Propos De Nous<\/h2>\t\t<\/div>\n\t\t\t\t<\/div>\n\t\t\t\t\t\t<\/div>\n\t\t\t\t\t<\/div>\n\t\t<\/div>\n\t\t\t\t<div class=\"elementor-column elementor-col-50 elementor-top-column elementor-element elementor-element-5cb0510d elementor-hidden-tablet elementor-hidden-mobile\" data-id=\"5cb0510d\" data-element_type=\"column\">\n\t\t\t<div class=\"elementor-column-wrap elementor-element-populated\">\n\t\t\t\t\t\t\t<div class=\"elementor-widget-wrap\">\n\t\t\t\t\t\t<div class=\"elementor-element elementor-element-56c84067 elementor-widget elementor-widget-spacer\" data-id=\"56c84067\" data-element_type=\"widget\" data-widget_type=\"spacer.default\">\n\t\t\t\t<div class=\"elementor-widget-container\">\n\t\t\t\t\t<div class=\"elementor-spacer\">\n\t\t\t<div class=\"elementor-spacer-inner\"><\/div>\n\t\t<\/div>\n\t\t\t\t<\/div>\n\t\t\t\t<\/div>\n\t\t\t\t<div class=\"elementor-element elementor-element-782bd15c elementor-shape-circle elementor-grid-1 e-grid-align-right elementor-widget elementor-widget-social-icons\" data-id=\"782bd15c\" data-element_type=\"widget\" data-widget_type=\"social-icons.default\">\n\t\t\t\t<div class=\"elementor-widget-container\">\n\t\t\t\t\t<div class=\"elementor-social-icons-wrapper elementor-grid\">\n\t\t\t\t\t\t\t<span class=\"elementor-grid-item\">\n\t\t\t\t\t<a class=\"elementor-icon elementor-social-icon elementor-social-icon-linkedin elementor-repeater-item-944bc97\" href=\"https:\/\/ca.linkedin.com\/company\/aeromotion-canada\" target=\"_blank\">\n\t\t\t\t\t\t<span class=\"elementor-screen-only\">Linkedin<\/span>\n\t\t\t\t\t\t<i class=\"fab fa-linkedin\"><\/i>\t\t\t\t\t<\/a>\n\t\t\t\t<\/span>\n\t\t\t\t\t\t\t<span class=\"elementor-grid-item\">\n\t\t\t\t\t<a class=\"elementor-icon elementor-social-icon elementor-social-icon-facebook elementor-repeater-item-6f2657c\" target=\"_blank\">\n\t\t\t\t\t\t<span class=\"elementor-screen-only\">Facebook<\/span>\n\t\t\t\t\t\t<i class=\"fab fa-facebook\"><\/i>\t\t\t\t\t<\/a>\n\t\t\t\t<\/span>\n\t\t\t\t\t<\/div>\n\t\t\t\t<\/div>\n\t\t\t\t<\/div>\n\t\t\t\t<div class=\"elementor-element elementor-element-2e080b48 elementor-widget elementor-widget-spacer\" data-id=\"2e080b48\" data-element_type=\"widget\" data-widget_type=\"spacer.default\">\n\t\t\t\t<div class=\"elementor-widget-container\">\n\t\t\t\t\t<div class=\"elementor-spacer\">\n\t\t\t<div class=\"elementor-spacer-inner\"><\/div>\n\t\t<\/div>\n\t\t\t\t<\/div>\n\t\t\t\t<\/div>\n\t\t\t\t\t\t<\/div>\n\t\t\t\t\t<\/div>\n\t\t<\/div>\n\t\t\t\t\t\t\t\t<\/div>\n\t\t\t\t\t<\/div>\n\t\t<\/section>\n\t\t\t\t<section class=\"elementor-section elementor-top-section elementor-element elementor-element-c3d70e8 elementor-section-boxed elementor-section-height-default elementor-section-height-default\" data-id=\"c3d70e8\" data-element_type=\"section\" data-settings=\"{&quot;background_background&quot;:&quot;classic&quot;}\">\n\t\t\t\t\t\t\t<div class=\"elementor-background-overlay\"><\/div>\n\t\t\t\t\t\t\t<div class=\"elementor-container elementor-column-gap-default\">\n\t\t\t\t\t\t\t<div class=\"elementor-row\">\n\t\t\t\t\t<div class=\"elementor-column elementor-col-100 elementor-top-column elementor-element elementor-element-af1397e\" data-id=\"af1397e\" data-element_type=\"column\">\n\t\t\t<div class=\"elementor-column-wrap elementor-element-populated\">\n\t\t\t\t\t\t\t<div class=\"elementor-widget-wrap\">\n\t\t\t\t\t\t<section class=\"elementor-section elementor-inner-section elementor-element elementor-element-377565c elementor-section-boxed elementor-section-height-default elementor-section-height-default\" data-id=\"377565c\" data-element_type=\"section\">\n\t\t\t\t\t\t<div class=\"elementor-container elementor-column-gap-default\">\n\t\t\t\t\t\t\t<div class=\"elementor-row\">\n\t\t\t\t\t<div class=\"elementor-column elementor-col-100 elementor-inner-column elementor-element elementor-element-7ff4f40\" data-id=\"7ff4f40\" data-element_type=\"column\">\n\t\t\t<div class=\"elementor-column-wrap elementor-element-populated\">\n\t\t\t\t\t\t\t<div class=\"elementor-widget-wrap\">\n\t\t\t\t\t\t<div class=\"elementor-element elementor-element-c038434 elementor-widget elementor-widget-text-editor\" data-id=\"c038434\" data-element_type=\"widget\" data-widget_type=\"text-editor.default\">\n\t\t\t\t<div class=\"elementor-widget-container\">\n\t\t\t\t\t\t\t\t<div class=\"elementor-text-editor elementor-clearfix\">\n\t\t\t\t<em style=\"font-size: 30px; font-weight: 500; color: #000000;\">Bienvenue \u00c0<\/em>\t\t\t\t\t<\/div>\n\t\t\t\t\t\t<\/div>\n\t\t\t\t<\/div>\n\t\t\t\t<div class=\"elementor-element elementor-element-1cd5d3f elementor-widget elementor-widget-heading\" data-id=\"1cd5d3f\" data-element_type=\"widget\" data-widget_type=\"heading.default\">\n\t\t\t\t<div class=\"elementor-widget-container\">\n\t\t\t<h2 class=\"elementor-heading-title elementor-size-default\">AeroMotion Canada<\/h2>\t\t<\/div>\n\t\t\t\t<\/div>\n\t\t\t\t<div class=\"elementor-element elementor-element-4860e6e elementor-widget elementor-widget-text-editor\" data-id=\"4860e6e\" data-element_type=\"widget\" data-widget_type=\"text-editor.default\">\n\t\t\t\t<div class=\"elementor-widget-container\">\n\t\t\t\t\t\t\t\t<div class=\"elementor-text-editor elementor-clearfix\">\n\t\t\t\t<p>AeroMotion Canada est un organisme de maintenance approuv\u00e9 par Transports Canada et l&rsquo;AESA (OMA 22-06) \u00e9tabli en 2006. Nous sommes situ\u00e9s dans une installation de 17 000 pieds carr\u00e9s dans la r\u00e9gion de l&rsquo;ouest de Montr\u00e9al et avons des certifications sur Pratt &amp; Whitney Canada PW100 &amp; Moteurs PW150, moteurs GE CF34 et tous les composants associ\u00e9s \u00e0 ces moteurs.<\/p>\n<p>Notre sp\u00e9cialit\u00e9 est de retirer\/nettoyer\/inspecter\/r\u00e9parer et r\u00e9installer les composants QEC pour permettre aux compagnies a\u00e9riennes d&rsquo;installer rapidement un moteur apr\u00e8s une visite en atelier dans une usine de r\u00e9vision de moteurs pour une remise \u00e0 neuf ou une r\u00e9vision majeure. En plus de QEC, nous sommes \u00e9quip\u00e9s pour d\u00e9monter les moteurs et les ensembles QEC, inspecter et recertifier les composants d\u00e9livrant des versions de maintenance TC FORM 1\/EASA FORM 1, et effectuer des r\u00e9parations telles que la remise \u00e0 neuf du top-case et de la section chaude. Nous pouvons \u00e9galement servir nos clients en effectuant une surveillance des moteurs dans un atelier de r\u00e9vision pour r\u00e9paration afin de garantir que vous obtenez le meilleur service et que vous en avez pour votre argent. Nous proposons de nombreux autres services de conseil tels que journal de bord &amp; examen du mat\u00e9riel pour ceux qui envisagent d&rsquo;acheter\/vendre des moteurs d&rsquo;occasion.<\/p>\n<p>Les moteurs d&rsquo;endoscope utilisant nos deux endoscopes vid\u00e9o KARL STORZ 5mm X 2.0M ou GE 4mm \u00e0 la pointe de la technologie sont une autre de nos sp\u00e9cialit\u00e9s. Nous pouvons produire des images fixes ainsi que des vid\u00e9os et des lasers pr\u00e9cis<br>\nmesures des d\u00e9g\u00e2ts.<\/p>\t\t\t\t\t<\/div>\n\t\t\t\t\t\t<\/div>\n\t\t\t\t<\/div>\n\t\t\t\t\t\t<\/div>\n\t\t\t\t\t<\/div>\n\t\t<\/div>\n\t\t\t\t\t\t\t\t<\/div>\n\t\t\t\t\t<\/div>\n\t\t<\/section>\n\t\t\t\t\t\t<\/div>\n\t\t\t\t\t<\/div>\n\t\t<\/div>\n\t\t\t\t\t\t\t\t<\/div>\n\t\t\t\t\t<\/div>\n\t\t<\/section>\n\t\t\t\t<section class=\"elementor-section elementor-top-section elementor-element elementor-element-7163f7ea elementor-reverse-tablet elementor-reverse-mobile elementor-section-boxed elementor-section-height-default elementor-section-height-default\" data-id=\"7163f7ea\" data-element_type=\"section\" data-settings=\"{&quot;background_background&quot;:&quot;classic&quot;}\">\n\t\t\t\t\t\t\t<div class=\"elementor-background-overlay\"><\/div>\n\t\t\t\t\t\t\t<div class=\"elementor-container elementor-column-gap-default\">\n\t\t\t\t\t\t\t<div class=\"elementor-row\">\n\t\t\t\t\t<div class=\"elementor-column elementor-col-100 elementor-top-column elementor-element elementor-element-324702b\" data-id=\"324702b\" data-element_type=\"column\">\n\t\t\t<div class=\"elementor-column-wrap elementor-element-populated\">\n\t\t\t\t\t\t\t<div class=\"elementor-widget-wrap\">\n\t\t\t\t\t\t<section class=\"elementor-section elementor-inner-section elementor-element elementor-element-9854fd7 elementor-section-boxed elementor-section-height-default elementor-section-height-default\" data-id=\"9854fd7\" data-element_type=\"section\">\n\t\t\t\t\t\t<div class=\"elementor-container elementor-column-gap-default\">\n\t\t\t\t\t\t\t<div class=\"elementor-row\">\n\t\t\t\t\t<div class=\"elementor-column elementor-col-100 elementor-inner-column elementor-element elementor-element-65b94cd\" data-id=\"65b94cd\" data-element_type=\"column\">\n\t\t\t<div class=\"elementor-column-wrap elementor-element-populated\">\n\t\t\t\t\t\t\t<div class=\"elementor-widget-wrap\">\n\t\t\t\t\t\t<div class=\"elementor-element elementor-element-439f277 elementor-widget elementor-widget-text-editor\" data-id=\"439f277\" data-element_type=\"widget\" data-widget_type=\"text-editor.default\">\n\t\t\t\t<div class=\"elementor-widget-container\">\n\t\t\t\t\t\t\t\t<div class=\"elementor-text-editor elementor-clearfix\">\n\t\t\t\t<em style=\"font-size: 30px; font-weight: 500; color: #ffffff;\">\u00c0 Propos De<\/em>\t\t\t\t\t<\/div>\n\t\t\t\t\t\t<\/div>\n\t\t\t\t<\/div>\n\t\t\t\t<div class=\"elementor-element elementor-element-2f60141 elementor-widget elementor-widget-heading\" data-id=\"2f60141\" data-element_type=\"widget\" data-widget_type=\"heading.default\">\n\t\t\t\t<div class=\"elementor-widget-container\">\n\t\t\t<h2 class=\"elementor-heading-title elementor-size-default\">AeroMotion Canada<\/h2>\t\t<\/div>\n\t\t\t\t<\/div>\n\t\t\t\t<div class=\"elementor-element elementor-element-a346059 elementor-widget elementor-widget-text-editor\" data-id=\"a346059\" data-element_type=\"widget\" data-widget_type=\"text-editor.default\">\n\t\t\t\t<div class=\"elementor-widget-container\">\n\t\t\t\t\t\t\t\t<div class=\"elementor-text-editor elementor-clearfix\">\n\t\t\t\t<p>Situ\u00e9e \u00e0 Montr\u00e9al (Qu\u00e9bec, Canada), AeroMotion Canada est une entreprise priv\u00e9e se sp\u00e9cialisant dans le domaine a\u00e9ronautique. Ensemble, ses 31 employ\u00e9s de Montr\u00e9al comptent plusieurs centaines d\u2019ann\u00e9es d\u2019exp\u00e9rience dans le domaine de l\u2019entretien, de la r\u00e9paration, du soutien technique et des op\u00e9rations pour les moteurs d\u2019a\u00e9ronefs et leurs composants.<\/p><p>AeroMotion Canada est un organisme de maintenance agr\u00e9\u00e9 (OMA) et de consultation \u00e0 charte f\u00e9d\u00e9rale avec la mission suivante :<\/p><p>AeroMotion Canada est une entreprise d\u00e9termin\u00e9e \u00e0 mettre en pratique toute son expertise pour r\u00e9parer, faire l\u2019entretien et certifier le travail effectu\u00e9 sur les composants de nos clients, que ceux-ci soient des lignes a\u00e9riennes, des op\u00e9rateurs ou des centres de r\u00e9paration. De plus, AeroMotion Canada est d\u00e9termin\u00e9e \u00e0 maintenir les co\u00fbts de ses clients \u00e0 un minimum absolu. Notre objectif est l\u2019atteinte d\u2019un taux de satisfaction de 100%.<\/p>\t\t\t\t\t<\/div>\n\t\t\t\t\t\t<\/div>\n\t\t\t\t<\/div>\n\t\t\t\t\t\t<\/div>\n\t\t\t\t\t<\/div>\n\t\t<\/div>\n\t\t\t\t\t\t\t\t<\/div>\n\t\t\t\t\t<\/div>\n\t\t<\/section>\n\t\t\t\t\t\t<\/div>\n\t\t\t\t\t<\/div>\n\t\t<\/div>\n\t\t\t\t\t\t\t\t<\/div>\n\t\t\t\t\t<\/div>\n\t\t<\/section>\n\t\t\t\t<section class=\"elementor-section elementor-top-section elementor-element elementor-element-5f1e2e72 elementor-section-boxed elementor-section-height-default elementor-section-height-default\" data-id=\"5f1e2e72\" data-element_type=\"section\" data-settings=\"{&quot;background_background&quot;:&quot;classic&quot;}\">\n\t\t\t\t\t\t\t<div class=\"elementor-background-overlay\"><\/div>\n\t\t\t\t\t\t\t<div class=\"elementor-container elementor-column-gap-default\">\n\t\t\t\t\t\t\t<div class=\"elementor-row\">\n\t\t\t\t\t<div class=\"elementor-column elementor-col-50 elementor-top-column elementor-element elementor-element-14120c5d\" data-id=\"14120c5d\" data-element_type=\"column\">\n\t\t\t<div class=\"elementor-column-wrap elementor-element-populated\">\n\t\t\t\t\t\t\t<div class=\"elementor-widget-wrap\">\n\t\t\t\t\t\t<div class=\"elementor-element elementor-element-4454968 elementor-widget elementor-widget-heading\" data-id=\"4454968\" data-element_type=\"widget\" data-widget_type=\"heading.default\">\n\t\t\t\t<div class=\"elementor-widget-container\">\n\t\t\t<h3 class=\"elementor-heading-title elementor-size-default\">Notre Mission<br\/>A Deux Volets<\/h3>\t\t<\/div>\n\t\t\t\t<\/div>\n\t\t\t\t\t\t<\/div>\n\t\t\t\t\t<\/div>\n\t\t<\/div>\n\t\t\t\t<div class=\"elementor-column elementor-col-50 elementor-top-column elementor-element elementor-element-6b5390a1\" data-id=\"6b5390a1\" data-element_type=\"column\">\n\t\t\t<div class=\"elementor-column-wrap elementor-element-populated\">\n\t\t\t\t\t\t\t<div class=\"elementor-widget-wrap\">\n\t\t\t\t\t\t<section class=\"elementor-section elementor-inner-section elementor-element elementor-element-1728aae1 elementor-section-boxed elementor-section-height-default elementor-section-height-default\" data-id=\"1728aae1\" data-element_type=\"section\">\n\t\t\t\t\t\t<div class=\"elementor-container elementor-column-gap-default\">\n\t\t\t\t\t\t\t<div class=\"elementor-row\">\n\t\t\t\t\t<div class=\"elementor-column elementor-col-100 elementor-inner-column elementor-element elementor-element-498dd09a\" data-id=\"498dd09a\" data-element_type=\"column\">\n\t\t\t<div class=\"elementor-column-wrap elementor-element-populated\">\n\t\t\t\t\t\t\t<div class=\"elementor-widget-wrap\">\n\t\t\t\t\t\t<div class=\"elementor-element elementor-element-3f5f712e elementor-widget elementor-widget-heading\" data-id=\"3f5f712e\" data-element_type=\"widget\" data-widget_type=\"heading.default\">\n\t\t\t\t<div class=\"elementor-widget-container\">\n\t\t\t<h3 class=\"elementor-heading-title elementor-size-default\">01<\/h3>\t\t<\/div>\n\t\t\t\t<\/div>\n\t\t\t\t<div class=\"elementor-element elementor-element-57fffcbf elementor-view-default elementor-vertical-align-top elementor-widget elementor-widget-icon-box\" data-id=\"57fffcbf\" data-element_type=\"widget\" data-widget_type=\"icon-box.default\">\n\t\t\t\t<div class=\"elementor-widget-container\">\n\t\t\t\t\t<div class=\"elementor-icon-box-wrapper\">\n\t\t\t\t\t\t<div class=\"elementor-icon-box-content\">\n\t\t\t\t<h4 class=\"elementor-icon-box-title\">\n\t\t\t\t\t<span  >\n\t\t\t\t\t\tOffrir un soutien et des services qualifi\u00e9s, experts et efficaces pour tous nos clients requ\u00e9rant des services de r\u00e9paration pour composants.\t\t\t\t\t<\/span>\n\t\t\t\t<\/h4>\n\t\t\t\t\t\t\t<\/div>\n\t\t<\/div>\n\t\t\t\t<\/div>\n\t\t\t\t<\/div>\n\t\t\t\t\t\t<\/div>\n\t\t\t\t\t<\/div>\n\t\t<\/div>\n\t\t\t\t\t\t\t\t<\/div>\n\t\t\t\t\t<\/div>\n\t\t<\/section>\n\t\t\t\t<section class=\"elementor-section elementor-inner-section elementor-element elementor-element-a7509da elementor-section-boxed elementor-section-height-default elementor-section-height-default\" data-id=\"a7509da\" data-element_type=\"section\">\n\t\t\t\t\t\t<div class=\"elementor-container elementor-column-gap-default\">\n\t\t\t\t\t\t\t<div class=\"elementor-row\">\n\t\t\t\t\t<div class=\"elementor-column elementor-col-100 elementor-inner-column elementor-element elementor-element-415a88e\" data-id=\"415a88e\" data-element_type=\"column\">\n\t\t\t<div class=\"elementor-column-wrap elementor-element-populated\">\n\t\t\t\t\t\t\t<div class=\"elementor-widget-wrap\">\n\t\t\t\t\t\t<div class=\"elementor-element elementor-element-4d11c35 elementor-widget elementor-widget-heading\" data-id=\"4d11c35\" data-element_type=\"widget\" data-widget_type=\"heading.default\">\n\t\t\t\t<div class=\"elementor-widget-container\">\n\t\t\t<h3 class=\"elementor-heading-title elementor-size-default\">02<\/h3>\t\t<\/div>\n\t\t\t\t<\/div>\n\t\t\t\t<div class=\"elementor-element elementor-element-cae2c98 elementor-view-default elementor-vertical-align-top elementor-widget elementor-widget-icon-box\" data-id=\"cae2c98\" data-element_type=\"widget\" data-widget_type=\"icon-box.default\">\n\t\t\t\t<div class=\"elementor-widget-container\">\n\t\t\t\t\t<div class=\"elementor-icon-box-wrapper\">\n\t\t\t\t\t\t<div class=\"elementor-icon-box-content\">\n\t\t\t\t<h4 class=\"elementor-icon-box-title\">\n\t\t\t\t\t<span  >\n\t\t\t\t\t\tOffrir des conseils et agir \u00e0 titre d\u2019agent pour les lignes a\u00e9riennes, les op\u00e9rateurs et les centres d\u2019entretien et de r\u00e9paration afin de minimiser les co\u00fbts li\u00e9s \u00e0 l\u2019entretien, la r\u00e9paration et la remise \u00e0 neuf d\u2019engins ou de composants du fuselage, et ce, \u00e0 un centre de leur choix.\t\t\t\t\t<\/span>\n\t\t\t\t<\/h4>\n\t\t\t\t\t\t\t<\/div>\n\t\t<\/div>\n\t\t\t\t<\/div>\n\t\t\t\t<\/div>\n\t\t\t\t\t\t<\/div>\n\t\t\t\t\t<\/div>\n\t\t<\/div>\n\t\t\t\t\t\t\t\t<\/div>\n\t\t\t\t\t<\/div>\n\t\t<\/section>\n\t\t\t\t\t\t<\/div>\n\t\t\t\t\t<\/div>\n\t\t<\/div>\n\t\t\t\t\t\t\t\t<\/div>\n\t\t\t\t\t<\/div>\n\t\t<\/section>\n\t\t\t\t\t\t\t\t\t<\/div>\n\t\t\t<\/div>\n\t\t\t\t\t<\/div>\n\t\t","protected":false},"excerpt":{"rendered":"<p>\u00c0 Propos De Nous Linkedin Facebook Bienvenue \u00c0 AeroMotion Canada AeroMotion Canada est un organisme de maintenance approuv\u00e9 par Transports Canada et l&rsquo;AESA (OMA 22-06) \u00e9tabli en 2006. Nous sommes situ\u00e9s dans une installation de 17 000 pieds carr\u00e9s dans la r\u00e9gion de l&rsquo;ouest de Montr\u00e9al et avons des certifications sur Pratt &amp; Whitney Canada [&hellip;]<\/p>\n","protected":false},"author":1,"featured_media":0,"parent":0,"menu_order":0,"comment_status":"closed","ping_status":"closed","template":"elementor_header_footer","meta":{"footnotes":""},"class_list":["post-769","page","type-page","status-publish","hentry"],"yoast_head":"<!-- This site is optimized with the Yoast SEO plugin v20.1 - https:\/\/yoast.com\/wordpress\/plugins\/seo\/ -->\n<title>\u00c0 PROPOS DE - AeroMotion Canada<\/title>\n<meta name=\"robots\" content=\"index, follow, max-snippet:-1, max-image-preview:large, max-video-preview:-1\" \/>\n<link rel=\"canonical\" href=\"https:\/\/aeromotion.ca\/fr\/a-propos-de\/\" \/>\n<meta property=\"og:locale\" content=\"fr_FR\" \/>\n<meta property=\"og:type\" content=\"article\" \/>\n<meta property=\"og:title\" content=\"\u00c0 PROPOS DE - AeroMotion Canada\" \/>\n<meta property=\"og:description\" content=\"\u00c0 Propos De Nous Linkedin Facebook Bienvenue \u00c0 AeroMotion Canada AeroMotion Canada est un organisme de maintenance approuv\u00e9 par Transports Canada et l&rsquo;AESA (OMA 22-06) \u00e9tabli en 2006. Nous sommes situ\u00e9s dans une installation de 17 000 pieds carr\u00e9s dans la r\u00e9gion de l&rsquo;ouest de Montr\u00e9al et avons des certifications sur Pratt &amp; Whitney Canada [&hellip;]\" \/>\n<meta property=\"og:url\" content=\"https:\/\/aeromotion.ca\/fr\/a-propos-de\/\" \/>\n<meta property=\"og:site_name\" content=\"AeroMotion Canada\" \/>\n<meta property=\"article:publisher\" content=\"https:\/\/www.facebook.com\/aeromotion.ca\" \/>\n<meta property=\"article:modified_time\" content=\"2026-01-06T04:50:07+00:00\" \/>\n<meta name=\"twitter:card\" content=\"summary_large_image\" \/>\n<meta name=\"twitter:label1\" content=\"Dur\u00e9e de lecture estim\u00e9e\" \/>\n\t<meta name=\"twitter:data1\" content=\"3 minutes\" \/>\n<script type=\"application\/ld+json\" class=\"yoast-schema-graph\">{\"@context\":\"https:\/\/schema.org\",\"@graph\":[{\"@type\":\"WebPage\",\"@id\":\"https:\/\/aeromotion.ca\/fr\/a-propos-de\/\",\"url\":\"https:\/\/aeromotion.ca\/fr\/a-propos-de\/\",\"name\":\"\u00c0 PROPOS DE - AeroMotion Canada\",\"isPartOf\":{\"@id\":\"https:\/\/aeromotion.ca\/#website\"},\"datePublished\":\"2023-01-19T08:56:19+00:00\",\"dateModified\":\"2026-01-06T04:50:07+00:00\",\"breadcrumb\":{\"@id\":\"https:\/\/aeromotion.ca\/fr\/a-propos-de\/#breadcrumb\"},\"inLanguage\":\"fr-FR\",\"potentialAction\":[{\"@type\":\"ReadAction\",\"target\":[\"https:\/\/aeromotion.ca\/fr\/a-propos-de\/\"]}]},{\"@type\":\"BreadcrumbList\",\"@id\":\"https:\/\/aeromotion.ca\/fr\/a-propos-de\/#breadcrumb\",\"itemListElement\":[{\"@type\":\"ListItem\",\"position\":1,\"name\":\"Home\",\"item\":\"https:\/\/aeromotion.ca\/fr\/\"},{\"@type\":\"ListItem\",\"position\":2,\"name\":\"\u00c0 PROPOS DE\"}]},{\"@type\":\"WebSite\",\"@id\":\"https:\/\/aeromotion.ca\/#website\",\"url\":\"https:\/\/aeromotion.ca\/\",\"name\":\"AeroMotion Canada\",\"description\":\"\",\"publisher\":{\"@id\":\"https:\/\/aeromotion.ca\/#organization\"},\"potentialAction\":[{\"@type\":\"SearchAction\",\"target\":{\"@type\":\"EntryPoint\",\"urlTemplate\":\"https:\/\/aeromotion.ca\/?s={search_term_string}\"},\"query-input\":\"required name=search_term_string\"}],\"inLanguage\":\"fr-FR\"},{\"@type\":\"Organization\",\"@id\":\"https:\/\/aeromotion.ca\/#organization\",\"name\":\"AeroMotion Canada\",\"url\":\"https:\/\/aeromotion.ca\/\",\"logo\":{\"@type\":\"ImageObject\",\"inLanguage\":\"fr-FR\",\"@id\":\"https:\/\/aeromotion.ca\/#\/schema\/logo\/image\/\",\"url\":\"https:\/\/aeromotion.ca\/wp-content\/uploads\/2023\/02\/aeromotion_logo.jpg\",\"contentUrl\":\"https:\/\/aeromotion.ca\/wp-content\/uploads\/2023\/02\/aeromotion_logo.jpg\",\"width\":1969,\"height\":456,\"caption\":\"AeroMotion Canada\"},\"image\":{\"@id\":\"https:\/\/aeromotion.ca\/#\/schema\/logo\/image\/\"},\"sameAs\":[\"https:\/\/www.facebook.com\/aeromotion.ca\",\"https:\/\/www.linkedin.com\/company\/aeromotion-canada?originalSubdomain=ca\"]}]}<\/script>\n<!-- \/ Yoast SEO plugin. -->","yoast_head_json":{"title":"\u00c0 PROPOS DE - AeroMotion Canada","robots":{"index":"index","follow":"follow","max-snippet":"max-snippet:-1","max-image-preview":"max-image-preview:large","max-video-preview":"max-video-preview:-1"},"canonical":"https:\/\/aeromotion.ca\/fr\/a-propos-de\/","og_locale":"fr_FR","og_type":"article","og_title":"\u00c0 PROPOS DE - AeroMotion Canada","og_description":"\u00c0 Propos De Nous Linkedin Facebook Bienvenue \u00c0 AeroMotion Canada AeroMotion Canada est un organisme de maintenance approuv\u00e9 par Transports Canada et l&rsquo;AESA (OMA 22-06) \u00e9tabli en 2006. Nous sommes situ\u00e9s dans une installation de 17 000 pieds carr\u00e9s dans la r\u00e9gion de l&rsquo;ouest de Montr\u00e9al et avons des certifications sur Pratt &amp; Whitney Canada [&hellip;]","og_url":"https:\/\/aeromotion.ca\/fr\/a-propos-de\/","og_site_name":"AeroMotion Canada","article_publisher":"https:\/\/www.facebook.com\/aeromotion.ca","article_modified_time":"2026-01-06T04:50:07+00:00","twitter_card":"summary_large_image","twitter_misc":{"Dur\u00e9e de lecture estim\u00e9e":"3 minutes"},"schema":{"@context":"https:\/\/schema.org","@graph":[{"@type":"WebPage","@id":"https:\/\/aeromotion.ca\/fr\/a-propos-de\/","url":"https:\/\/aeromotion.ca\/fr\/a-propos-de\/","name":"\u00c0 PROPOS DE - AeroMotion Canada","isPartOf":{"@id":"https:\/\/aeromotion.ca\/#website"},"datePublished":"2023-01-19T08:56:19+00:00","dateModified":"2026-01-06T04:50:07+00:00","breadcrumb":{"@id":"https:\/\/aeromotion.ca\/fr\/a-propos-de\/#breadcrumb"},"inLanguage":"fr-FR","potentialAction":[{"@type":"ReadAction","target":["https:\/\/aeromotion.ca\/fr\/a-propos-de\/"]}]},{"@type":"BreadcrumbList","@id":"https:\/\/aeromotion.ca\/fr\/a-propos-de\/#breadcrumb","itemListElement":[{"@type":"ListItem","position":1,"name":"Home","item":"https:\/\/aeromotion.ca\/fr\/"},{"@type":"ListItem","position":2,"name":"\u00c0 PROPOS DE"}]},{"@type":"WebSite","@id":"https:\/\/aeromotion.ca\/#website","url":"https:\/\/aeromotion.ca\/","name":"AeroMotion Canada","description":"","publisher":{"@id":"https:\/\/aeromotion.ca\/#organization"},"potentialAction":[{"@type":"SearchAction","target":{"@type":"EntryPoint","urlTemplate":"https:\/\/aeromotion.ca\/?s={search_term_string}"},"query-input":"required name=search_term_string"}],"inLanguage":"fr-FR"},{"@type":"Organization","@id":"https:\/\/aeromotion.ca\/#organization","name":"AeroMotion Canada","url":"https:\/\/aeromotion.ca\/","logo":{"@type":"ImageObject","inLanguage":"fr-FR","@id":"https:\/\/aeromotion.ca\/#\/schema\/logo\/image\/","url":"https:\/\/aeromotion.ca\/wp-content\/uploads\/2023\/02\/aeromotion_logo.jpg","contentUrl":"https:\/\/aeromotion.ca\/wp-content\/uploads\/2023\/02\/aeromotion_logo.jpg","width":1969,"height":456,"caption":"AeroMotion Canada"},"image":{"@id":"https:\/\/aeromotion.ca\/#\/schema\/logo\/image\/"},"sameAs":["https:\/\/www.facebook.com\/aeromotion.ca","https:\/\/www.linkedin.com\/company\/aeromotion-canada?originalSubdomain=ca"]}]}},"_links":{"self":[{"href":"https:\/\/aeromotion.ca\/fr\/wp-json\/wp\/v2\/pages\/769"}],"collection":[{"href":"https:\/\/aeromotion.ca\/fr\/wp-json\/wp\/v2\/pages"}],"about":[{"href":"https:\/\/aeromotion.ca\/fr\/wp-json\/wp\/v2\/types\/page"}],"author":[{"embeddable":true,"href":"https:\/\/aeromotion.ca\/fr\/wp-json\/wp\/v2\/users\/1"}],"replies":[{"embeddable":true,"href":"https:\/\/aeromotion.ca\/fr\/wp-json\/wp\/v2\/comments?post=769"}],"version-history":[{"count":3,"href":"https:\/\/aeromotion.ca\/fr\/wp-json\/wp\/v2\/pages\/769\/revisions"}],"predecessor-version":[{"id":1212,"href":"https:\/\/aeromotion.ca\/fr\/wp-json\/wp\/v2\/pages\/769\/revisions\/1212"}],"wp:attachment":[{"href":"https:\/\/aeromotion.ca\/fr\/wp-json\/wp\/v2\/media?parent=769"}],"curies":[{"name":"wp","href":"https:\/\/api.w.org\/{rel}","templated":true}]}}